{"id":250,"date":"2018-02-07T19:32:39","date_gmt":"2018-02-07T18:32:39","guid":{"rendered":"http:\/\/urhof-dannemann.de\/?page_id=250"},"modified":"2025-06-09T18:05:20","modified_gmt":"2025-06-09T16:05:20","slug":"hofverkauf","status":"publish","type":"page","link":"https:\/\/www.urhof-dannemann.de\/index.php\/direktvermarktung\/hofverkauf\/","title":{"rendered":"Verkauf ab Hof"},"content":{"rendered":"<p><a href=\"http:\/\/urhof-dannemann.de\/wp-content\/uploads\/2018\/02\/schild2.jpg\"><img loading=\"lazy\" decoding=\"async\" class=\"alignnone size-medium wp-image-262\" src=\"http:\/\/urhof-dannemann.de\/wp-content\/uploads\/2018\/02\/schild2-300x210.jpg\" alt=\"\" width=\"300\" height=\"210\" srcset=\"https:\/\/www.urhof-dannemann.de\/wp-content\/uploads\/2018\/02\/schild2-300x210.jpg 300w, https:\/\/www.urhof-dannemann.de\/wp-content\/uploads\/2018\/02\/schild2-768x537.jpg 768w, https:\/\/www.urhof-dannemann.de\/wp-content\/uploads\/2018\/02\/schild2-150x105.jpg 150w, https:\/\/www.urhof-dannemann.de\/wp-content\/uploads\/2018\/02\/schild2.jpg 800w\" sizes=\"auto, (max-width: 300px) 100vw, 300px\" \/>\u00a0\u00a0\u00a0\u00a0<\/a><a href=\"http:\/\/urhof-dannemann.de\/wp-content\/uploads\/2018\/02\/direktvermarktung1-800.jpg\"><img loading=\"lazy\" decoding=\"async\" class=\"alignnone size-medium wp-image-259\" src=\"http:\/\/urhof-dannemann.de\/wp-content\/uploads\/2018\/02\/direktvermarktung1-800-300x210.jpg\" alt=\"\" width=\"300\" height=\"210\" srcset=\"https:\/\/www.urhof-dannemann.de\/wp-content\/uploads\/2018\/02\/direktvermarktung1-800-300x210.jpg 300w, https:\/\/www.urhof-dannemann.de\/wp-content\/uploads\/2018\/02\/direktvermarktung1-800-768x537.jpg 768w, https:\/\/www.urhof-dannemann.de\/wp-content\/uploads\/2018\/02\/direktvermarktung1-800-150x105.jpg 150w, https:\/\/www.urhof-dannemann.de\/wp-content\/uploads\/2018\/02\/direktvermarktung1-800.jpg 800w\" sizes=\"auto, (max-width: 300px) 100vw, 300px\" \/><\/a><\/p>\n<p>Unsere kleinen Holzh\u00e4user stehen direkt an der Einfahrt zum Hof. Im linken Holzstand sind Biowaren (Gem\u00fcse und Kartoffeln) einsortiert; im rechten finden sie die S\u00e4cke mit den konventionell produzierten Kartoffeln. In jedem Holzh\u00e4uschen befindet sich eine Kasse. Die Kartoffeln sind in S\u00e4cken von 2,5 bis 10 kg abgepackt.<\/p>\n<p>Der Verkauf in den Kartoffelh\u00e4uschen findet rund um die Uhr an 7 Tagen in der Woche<strong> in Selbstbedienung<\/strong> statt.<\/p>\n<p>Sie finden unsere Kartoffeln auch\u00a0in Huntlosen bei Hof Meyer<\/p>\n<p>oder auf den M\u00e4rkten in<\/p>\n<ul>\n<li>Wardenburg: Fr. von 14 &#8211; 17 Uhr<\/li>\n<li>Wildeshausen: Do. und Sa. von 8 &#8211; 13 Uhr<\/li>\n<\/ul>\n","protected":false},"excerpt":{"rendered":"<p>\u00a0\u00a0\u00a0\u00a0 Unsere kleinen Holzh\u00e4user stehen direkt an der Einfahrt zum Hof. Im linken Holzstand sind Biowaren (Gem\u00fcse und Kartoffeln) einsortiert; im rechten finden sie die S\u00e4cke mit den konventionell produzierten Kartoffeln. In jedem Holzh\u00e4uschen befindet sich eine Kasse. Die Kartoffeln sind in S\u00e4cken von 2,5 bis 10 kg abgepackt. Der\u2026<\/p>\n<p> <a class=\"continue-reading-link\" href=\"https:\/\/www.urhof-dannemann.de\/index.php\/direktvermarktung\/hofverkauf\/\"><span>Weiterlesen<\/span><i class=\"crycon-right-dir\"><\/i><\/a> <\/p>\n","protected":false},"author":1,"featured_media":0,"parent":23,"menu_order":0,"comment_status":"closed","ping_status":"closed","template":"","meta":{"footnotes":""},"class_list":["post-250","page","type-page","status-publish","hentry"],"_links":{"self":[{"href":"https:\/\/www.urhof-dannemann.de\/index.php\/wp-json\/wp\/v2\/pages\/250","targetHints":{"allow":["GET"]}}],"collection":[{"href":"https:\/\/www.urhof-dannemann.de\/index.php\/wp-json\/wp\/v2\/pages"}],"about":[{"href":"https:\/\/www.urhof-dannemann.de\/index.php\/wp-json\/wp\/v2\/types\/page"}],"author":[{"embeddable":true,"href":"https:\/\/www.urhof-dannemann.de\/index.php\/wp-json\/wp\/v2\/users\/1"}],"replies":[{"embeddable":true,"href":"https:\/\/www.urhof-dannemann.de\/index.php\/wp-json\/wp\/v2\/comments?post=250"}],"version-history":[{"count":12,"href":"https:\/\/www.urhof-dannemann.de\/index.php\/wp-json\/wp\/v2\/pages\/250\/revisions"}],"predecessor-version":[{"id":416,"href":"https:\/\/www.urhof-dannemann.de\/index.php\/wp-json\/wp\/v2\/pages\/250\/revisions\/416"}],"up":[{"embeddable":true,"href":"https:\/\/www.urhof-dannemann.de\/index.php\/wp-json\/wp\/v2\/pages\/23"}],"wp:attachment":[{"href":"https:\/\/www.urhof-dannemann.de\/index.php\/wp-json\/wp\/v2\/media?parent=250"}],"curies":[{"name":"wp","href":"https:\/\/api.w.org\/{rel}","templated":true}]}}