{"id":240,"date":"2018-02-07T17:17:30","date_gmt":"2018-02-07T16:17:30","guid":{"rendered":"http:\/\/urhof-dannemann.de\/?page_id=240"},"modified":"2018-02-08T19:09:15","modified_gmt":"2018-02-08T18:09:15","slug":"lagerung","status":"publish","type":"page","link":"https:\/\/www.urhof-dannemann.de\/index.php\/umgebung\/lagerung\/","title":{"rendered":"Lagerung"},"content":{"rendered":"<p>Die Kartoffeln werden in K\u00fchlhallen\u00a0 gelagert, die\u00a0 eine von der Au\u00dfenluft unabh\u00e4ngige Temperaturf\u00fchrung\u00a0 erlaubt. Dies tr\u00e4gt wesentlich zur Qualit\u00e4tserhaltung der Speisekartoffeln bei (zufriedenstellende Keimunterdr\u00fcckung).<\/p>\n<p>Die Kartoffeln werden in Kisten gelagert. Dies erm\u00f6glicht die getrennte Lagerung auch kleinerer Partien. Eine Raumbel\u00fcftungsanlage\u00a0 erm\u00f6glicht den Austausch der Lagerraumluft gegen die Au\u00dfenluft. Hierdurch wird eine Abtrocknung der Kartoffeln erreicht.<\/p>\n<p>&nbsp;<\/p>\n<p><a href=\"http:\/\/urhof-dannemann.de\/wp-content\/uploads\/2018\/02\/kartoffelhalle1200.jpg\"><img loading=\"lazy\" decoding=\"async\" class=\"alignnone size-medium wp-image-270\" src=\"http:\/\/urhof-dannemann.de\/wp-content\/uploads\/2018\/02\/kartoffelhalle1200-300x196.jpg\" alt=\"\" width=\"300\" height=\"196\" srcset=\"https:\/\/www.urhof-dannemann.de\/wp-content\/uploads\/2018\/02\/kartoffelhalle1200-300x196.jpg 300w, https:\/\/www.urhof-dannemann.de\/wp-content\/uploads\/2018\/02\/kartoffelhalle1200-768x502.jpg 768w, https:\/\/www.urhof-dannemann.de\/wp-content\/uploads\/2018\/02\/kartoffelhalle1200-1024x669.jpg 1024w, https:\/\/www.urhof-dannemann.de\/wp-content\/uploads\/2018\/02\/kartoffelhalle1200-150x98.jpg 150w, https:\/\/www.urhof-dannemann.de\/wp-content\/uploads\/2018\/02\/kartoffelhalle1200.jpg 1098w\" sizes=\"auto, (max-width: 300px) 100vw, 300px\" \/>\u00a0\u00a0<\/a><a href=\"http:\/\/urhof-dannemann.de\/wp-content\/uploads\/2018\/02\/Lagerung1.jpg\"><img loading=\"lazy\" decoding=\"async\" class=\"alignnone  wp-image-241\" src=\"http:\/\/urhof-dannemann.de\/wp-content\/uploads\/2018\/02\/Lagerung1-300x179.jpg\" alt=\"\" width=\"327\" height=\"195\" srcset=\"https:\/\/www.urhof-dannemann.de\/wp-content\/uploads\/2018\/02\/Lagerung1-300x179.jpg 300w, https:\/\/www.urhof-dannemann.de\/wp-content\/uploads\/2018\/02\/Lagerung1-768x457.jpg 768w, https:\/\/www.urhof-dannemann.de\/wp-content\/uploads\/2018\/02\/Lagerung1-250x150.jpg 250w, https:\/\/www.urhof-dannemann.de\/wp-content\/uploads\/2018\/02\/Lagerung1-150x89.jpg 150w, https:\/\/www.urhof-dannemann.de\/wp-content\/uploads\/2018\/02\/Lagerung1.jpg 1000w\" sizes=\"auto, (max-width: 327px) 100vw, 327px\" \/><\/a><\/p>\n<p>Kartoffellagerhalle\u00a0 \u00a0 \u00a0 \u00a0 \u00a0 \u00a0 \u00a0 \u00a0 \u00a0 \u00a0 \u00a0 \u00a0 \u00a0 \u00a0 \u00a0 \u00a0 \u00a0 \u00a0 \u00a0 \u00a0 \u00a0 \u00a0 \u00a0 \u00a0 Lagerung in offenen Kisten<\/p>\n","protected":false},"excerpt":{"rendered":"<p>Die Kartoffeln werden in K\u00fchlhallen\u00a0 gelagert, die\u00a0 eine von der Au\u00dfenluft unabh\u00e4ngige Temperaturf\u00fchrung\u00a0 erlaubt. Dies tr\u00e4gt wesentlich zur Qualit\u00e4tserhaltung der Speisekartoffeln bei (zufriedenstellende Keimunterdr\u00fcckung). Die Kartoffeln werden in Kisten gelagert. Dies erm\u00f6glicht die getrennte Lagerung auch kleinerer Partien. Eine Raumbel\u00fcftungsanlage\u00a0 erm\u00f6glicht den Austausch der Lagerraumluft gegen die Au\u00dfenluft. Hierdurch wird\u2026<\/p>\n<p> <a class=\"continue-reading-link\" href=\"https:\/\/www.urhof-dannemann.de\/index.php\/umgebung\/lagerung\/\"><span>Weiterlesen<\/span><i class=\"crycon-right-dir\"><\/i><\/a> <\/p>\n","protected":false},"author":1,"featured_media":0,"parent":104,"menu_order":0,"comment_status":"closed","ping_status":"closed","template":"","meta":{"footnotes":""},"class_list":["post-240","page","type-page","status-publish","hentry"],"_links":{"self":[{"href":"https:\/\/www.urhof-dannemann.de\/index.php\/wp-json\/wp\/v2\/pages\/240","targetHints":{"allow":["GET"]}}],"collection":[{"href":"https:\/\/www.urhof-dannemann.de\/index.php\/wp-json\/wp\/v2\/pages"}],"about":[{"href":"https:\/\/www.urhof-dannemann.de\/index.php\/wp-json\/wp\/v2\/types\/page"}],"author":[{"embeddable":true,"href":"https:\/\/www.urhof-dannemann.de\/index.php\/wp-json\/wp\/v2\/users\/1"}],"replies":[{"embeddable":true,"href":"https:\/\/www.urhof-dannemann.de\/index.php\/wp-json\/wp\/v2\/comments?post=240"}],"version-history":[{"count":2,"href":"https:\/\/www.urhof-dannemann.de\/index.php\/wp-json\/wp\/v2\/pages\/240\/revisions"}],"predecessor-version":[{"id":271,"href":"https:\/\/www.urhof-dannemann.de\/index.php\/wp-json\/wp\/v2\/pages\/240\/revisions\/271"}],"up":[{"embeddable":true,"href":"https:\/\/www.urhof-dannemann.de\/index.php\/wp-json\/wp\/v2\/pages\/104"}],"wp:attachment":[{"href":"https:\/\/www.urhof-dannemann.de\/index.php\/wp-json\/wp\/v2\/media?parent=240"}],"curies":[{"name":"wp","href":"https:\/\/api.w.org\/{rel}","templated":true}]}}