{"id":234,"date":"2018-02-07T17:00:40","date_gmt":"2018-02-07T16:00:40","guid":{"rendered":"http:\/\/urhof-dannemann.de\/?page_id=234"},"modified":"2026-01-10T16:58:51","modified_gmt":"2026-01-10T15:58:51","slug":"sorten","status":"publish","type":"page","link":"https:\/\/www.urhof-dannemann.de\/index.php\/umgebung\/sorten\/","title":{"rendered":"Sorten"},"content":{"rendered":"<p><strong><a href=\"http:\/\/urhof-dannemann.de\/wp-content\/uploads\/2018\/02\/karttoffelgeschnitten1200.jpg\"><img loading=\"lazy\" decoding=\"async\" class=\"alignright size-medium wp-image-284\" src=\"http:\/\/urhof-dannemann.de\/wp-content\/uploads\/2018\/02\/karttoffelgeschnitten1200-300x169.jpg\" alt=\"\" width=\"300\" height=\"169\" srcset=\"https:\/\/www.urhof-dannemann.de\/wp-content\/uploads\/2018\/02\/karttoffelgeschnitten1200-300x169.jpg 300w, https:\/\/www.urhof-dannemann.de\/wp-content\/uploads\/2018\/02\/karttoffelgeschnitten1200-768x432.jpg 768w, https:\/\/www.urhof-dannemann.de\/wp-content\/uploads\/2018\/02\/karttoffelgeschnitten1200-1024x576.jpg 1024w, https:\/\/www.urhof-dannemann.de\/wp-content\/uploads\/2018\/02\/karttoffelgeschnitten1200-150x84.jpg 150w, https:\/\/www.urhof-dannemann.de\/wp-content\/uploads\/2018\/02\/karttoffelgeschnitten1200.jpg 1200w\" sizes=\"auto, (max-width: 300px) 100vw, 300px\" \/><\/a>Konventionell produziert<\/strong>:<\/p>\n<p>Belana (festkochend), Laura (vorwiegend festkochend)<\/p>\n<p><strong><br \/>\nBio aus kontrolliert \u00f6kologischem Anbau:<\/strong><\/p>\n<p>Linda (festkochend), Afra (mehligkochend)<\/p>\n<p>\u00d6ko-Kontrollstelle: DE-\u00d6KO-006<\/p>\n<p><a href=\"http:\/\/urhof-dannemann.de\/wp-content\/uploads\/2018\/02\/kartof800.jpg\"><img loading=\"lazy\" decoding=\"async\" class=\"size-medium wp-image-235 alignright\" src=\"http:\/\/urhof-dannemann.de\/wp-content\/uploads\/2018\/02\/kartof800-300x200.jpg\" alt=\"\" width=\"300\" height=\"200\" srcset=\"https:\/\/www.urhof-dannemann.de\/wp-content\/uploads\/2018\/02\/kartof800-300x200.jpg 300w, https:\/\/www.urhof-dannemann.de\/wp-content\/uploads\/2018\/02\/kartof800-768x512.jpg 768w, https:\/\/www.urhof-dannemann.de\/wp-content\/uploads\/2018\/02\/kartof800-150x100.jpg 150w, https:\/\/www.urhof-dannemann.de\/wp-content\/uploads\/2018\/02\/kartof800.jpg 800w\" sizes=\"auto, (max-width: 300px) 100vw, 300px\" \/><\/a><\/p>\n<p>&nbsp;<\/p>\n<p>&nbsp;<\/p>\n","protected":false},"excerpt":{"rendered":"<p>Konventionell produziert: Belana (festkochend), Laura (vorwiegend festkochend) Bio aus kontrolliert \u00f6kologischem Anbau: Linda (festkochend), Afra (mehligkochend) \u00d6ko-Kontrollstelle: DE-\u00d6KO-006 &nbsp; &nbsp;<\/p>\n<p> <a class=\"continue-reading-link\" href=\"https:\/\/www.urhof-dannemann.de\/index.php\/umgebung\/sorten\/\"><span>Weiterlesen<\/span><i class=\"crycon-right-dir\"><\/i><\/a> <\/p>\n","protected":false},"author":1,"featured_media":0,"parent":104,"menu_order":0,"comment_status":"closed","ping_status":"closed","template":"","meta":{"footnotes":""},"class_list":["post-234","page","type-page","status-publish","hentry"],"_links":{"self":[{"href":"https:\/\/www.urhof-dannemann.de\/index.php\/wp-json\/wp\/v2\/pages\/234","targetHints":{"allow":["GET"]}}],"collection":[{"href":"https:\/\/www.urhof-dannemann.de\/index.php\/wp-json\/wp\/v2\/pages"}],"about":[{"href":"https:\/\/www.urhof-dannemann.de\/index.php\/wp-json\/wp\/v2\/types\/page"}],"author":[{"embeddable":true,"href":"https:\/\/www.urhof-dannemann.de\/index.php\/wp-json\/wp\/v2\/users\/1"}],"replies":[{"embeddable":true,"href":"https:\/\/www.urhof-dannemann.de\/index.php\/wp-json\/wp\/v2\/comments?post=234"}],"version-history":[{"count":6,"href":"https:\/\/www.urhof-dannemann.de\/index.php\/wp-json\/wp\/v2\/pages\/234\/revisions"}],"predecessor-version":[{"id":431,"href":"https:\/\/www.urhof-dannemann.de\/index.php\/wp-json\/wp\/v2\/pages\/234\/revisions\/431"}],"up":[{"embeddable":true,"href":"https:\/\/www.urhof-dannemann.de\/index.php\/wp-json\/wp\/v2\/pages\/104"}],"wp:attachment":[{"href":"https:\/\/www.urhof-dannemann.de\/index.php\/wp-json\/wp\/v2\/media?parent=234"}],"curies":[{"name":"wp","href":"https:\/\/api.w.org\/{rel}","templated":true}]}}